{"id":26,"date":"2015-10-20T15:19:34","date_gmt":"2015-10-20T13:19:34","guid":{"rendered":"https:\/\/www.misilmeriracing.it\/?page_id=26"},"modified":"2015-10-29T07:58:28","modified_gmt":"2015-10-29T06:58:28","slug":"menzel-el-emir-regolamento","status":"publish","type":"page","link":"https:\/\/www.misilmeriracing.it\/?page_id=26","title":{"rendered":"Menzel El Emir &#8211; Regolamento"},"content":{"rendered":"<div class=\"page\" title=\"Page 1\">\n<div class=\"layoutArea\">\n<div class=\"column\">\n<h1 style=\"text-align: center;\"><strong><br \/>\nREGOLAMENTO PARTICOLARE <\/strong><\/h1>\n<h1 style=\"text-align: center;\"><strong>3\u00b0 MENZEL EL EMIR CUP <\/strong><\/h1>\n<h4 style=\"text-align: left;\"><img decoding=\"async\" loading=\"lazy\" class=\"aligncenter size-large wp-image-55\" src=\"https:\/\/www.misilmeriracing.it\/wp-content\/uploads\/2015\/10\/logo-menzel-2015-1024x420.jpg\" alt=\"logo menzel 2015\" width=\"745\" height=\"306\" srcset=\"https:\/\/www.misilmeriracing.it\/wp-content\/uploads\/2015\/10\/logo-menzel-2015-1024x420.jpg 1024w, https:\/\/www.misilmeriracing.it\/wp-content\/uploads\/2015\/10\/logo-menzel-2015-300x123.jpg 300w, https:\/\/www.misilmeriracing.it\/wp-content\/uploads\/2015\/10\/logo-menzel-2015.jpg 1603w\" sizes=\"(max-width: 745px) 100vw, 745px\" \/><\/h4>\n<h4 style=\"text-align: left;\"><strong>SABATO 07 NOVEMBRE 2015<\/strong><\/h4>\n<\/div>\n<\/div>\n<div class=\"layoutArea\">\n<div class=\"column\">\n<p><strong>Verifiche e Distribuzione Road Book :\u00a0<\/strong>20:00 \u2013 23:30 Bar Abathia Bistrot \u2013 Corso IV Aprile<\/p>\n<h4><strong>DOMENICA 08 NOVEMBRE 2015<\/strong><\/h4>\n<ul>\n<li><strong>Verifiche e Distribuzione Road Book |<\/strong>\u00a07:30-8.30 Zona Partenza<\/li>\n<li><strong>Briefing con Direttore evento\u00a0|<\/strong> 8:30 &#8211; Via A. Paternostro &#8211; Misilmeri<\/li>\n<li><strong>Partenza\u00a0|<\/strong>\u00a0Via A. Paternostro (davanti Bar Seven Coffee) &#8211; Misilmeri<\/li>\n<li><strong>Arrivo |<\/strong> Circolo Didattico &#8220;V. Landolina&#8221;<\/li>\n<li><strong>Esposizione classifiche |<\/strong>\u00a0Circolo Didattico &#8220;V. Landolina&#8221; (Via Elio Vittorini) Misilmeri (Pa)<\/li>\n<\/ul>\n<h4><strong>Art. 1 &#8211; ORGANIZZAZIONE<\/strong><\/h4>\n<p><em><strong>MISILMERI RACING<\/strong><\/em><\/p>\n<h4><strong>Art. 2 &#8211; PERCORSO<\/strong><\/h4>\n<\/div>\n<\/div>\n<div class=\"layoutArea\">\n<div class=\"column\">\n<p>Il percorso avr\u00e0 una lunghezza complessiva di Km 70,00 ed \u00e8 descritto nella tabella delle distanze e dei tempi, e nel Road Book. La gara si svolger\u00e0 su strade aperte al traffico con velocit\u00e0 medie non superiori a 40 Km\/h.<\/p>\n<h4><strong>Art. 3 &#8211; ISCRIZIONI<\/strong><\/h4>\n<p>Le iscrizioni, da inviare a A.S.D. Misilmeri Racing \u2013 via S. Traina, 16 &#8211; 90036 Misilmeri (PA)<\/p>\n<h4><strong>Art. 4 &#8211; PARTECIPANTI<\/strong><\/h4>\n<p>Per ogni vettura potr\u00e0 essere iscritto un equipaggio formato da un conduttore e da un navigatore (anche minorenne) Il conduttore deve essere in possesso di patente di guida in corso di validit\u00e0.<\/p>\n<h4><strong>Art. 5 &#8211; VETTURE: PERIODI DI CLASSIFICAZIONE E RAGGRUPPAMENTI<\/strong><\/h4>\n<p>Le vetture ammesse sono suddivise in Classi in funzione dell&#8217;anno di costruzione, e della strumentazione utilizzata:<\/p>\n<ul>\n<li>\u00a0<strong>CLASSIC<\/strong> (vetture immatricolate ante 1986 \u2013 strumentazione non programmabile)<\/li>\n<li>\uf0b7<strong> \u00a0MODERN<\/strong> (vetture immatricolare dal 1986 al 2015 \u2013 strumentazione libera)<\/li>\n<li>\uf0b7 \u00a0<strong>DRIVER<\/strong> Gruppo unico (strumentazione programmabile)<\/li>\n<li>\uf0b7 \u00a0<strong>FEMMINILE<\/strong> Gruppo unico (strumentazione libera)<\/li>\n<\/ul>\n<h4><strong>Art. 6 &#8211; APPLICAZIONE DEL REGOLAMENTO E NORME DI BUONA CONDOTTA<\/strong><\/h4>\n<p>Al momento della sua iscrizione il concorrente dichiara di accettare il regolamento della manifestazione e accetta di sottomettersi alle decisioni degli organizzatori. Tutti i casi non espressamente previsti dal regolamento saranno esaminati e decisi dagli organizzatori senza appello.<\/p>\n<\/div>\n<\/div>\n<\/div>\n<div class=\"page\" title=\"Page 2\">\n<div class=\"layoutArea\">\n<div class=\"column\">\n<p><strong>Art. 7 &#8211; PENALIT\u00c0<\/strong><\/p>\n<p>Le penalit\u00e0 nelle prove cronometrate (PC) sono di 1 punto per ogni centesimo di secondo di anticipo e\/o ritardo fino ad un massimo di 300 penalit\u00e0; superato il cartello giallo o in sua assenza non ci si pu\u00f2 fermare, causa 300 punti di penalit\u00e0.<br \/>\nLe penalit\u00e0 nei controlli orari (CO) sono di 100 punti ogni minuto di ritardo e\/o anticipo fino ad un massimo di 300 penalit\u00e0. Le postazioni dei cronometristi resteranno attive per 10 minuti oltre il tempo teorico di transito dell&#8217;ultimo concorrente.<br \/>\nChi dovesse giungere in netto ritardo alla postazione di rilevamento, causa inconvenienti meccanici, errori di percorso, o per ogni altro motivo, e non trova pi\u00f9 la postazione dei cronometristi, \u00e8 pregato di proseguire comunque; gli saranno assegnati 300 punti di penalit\u00e0 per ogni prova non rilevata. E&#8217; vietato sporgersi dall&#8217;auto ed \u00e8 vietato oltrepassare anche a piedi il cartello giallo, pena l&#8217;esclusione dalla manifestazione.<\/p>\n<p>Ai fini della classifica valgono tutte le prove. Il concorrente che non consegna la tabella di marcia a fine gara, \u00e8 considerato ritirato e non entrer\u00e0 in classifica. In caso di parit\u00e0 prevale la prova cronometrata n\u00b0 1 e successive.<br \/>\nOltre alle suddette penalit\u00e0 i concorrenti potranno essere oggetto di esclusione, in caso di:<br \/>\n&#8211; Guida pericolosa e\/o grave infrazione al codice della strada<\/p>\n<p>&#8211; Comportamento ostile verso gli organizzatori, i commissari, gli altri concorrenti &#8211; Falsificazione dei Documenti di controllo<br \/>\n&#8211; Mancato pagamento della quota di iscrizione<br \/>\n&#8211; Non conformit\u00e0 in sede di verifiche tecniche e amministrative<\/p>\n<p>&#8211; Anticipo eccessivo<\/p>\n<p><strong>Art. 8 &#8211; PREMIAZIONI<\/strong><\/p>\n<\/div>\n<\/div>\n<ol>\n<li>CLASSIC |\u00a0dal 1\u00b0 al 10\u00b0<\/li>\n<li>DRIVER |\u00a0\u00a0dal 1\u00b0 al 5\u00b0<\/li>\n<li>MODERN\u00a0\u00a0|\u00a0\u00a0dal 1\u00b0 al 5\u00b0<\/li>\n<li>FEMMINILE |\u00a01\u00b0 CLASSIFICATO<\/li>\n<li>SOCI MISILMERI RACING |\u00a0\u00a0dal 1\u00b0 al 3\u00b0<\/li>\n<li>Un riconoscimento per tutti i partecipanti<\/li>\n<\/ol>\n<p>&nbsp;<\/p>\n<h4><strong>Art. 9 &#8211; DIRITTO ALL&#8217;IMMAGINE<\/strong><\/h4>\n<\/div>\n<div class=\"layoutArea\">\n<div class=\"column\">\n<p>Con la loro partecipazione i concorrenti accettano senza riserve la pubblicazione, riproduzione e diffusione di tutte le foto dei loro veicoli prese nel corso della manifestazione con l&#8217;unica condizione che questo si limiti a fini promozionali e non sia di nocumento alla loro immagine personale.<\/p>\n<p>In ragione del carattere amatoriale e amichevole della manifestazione, non sono ammessi reclami o contestazioni<\/p>\n<p>Si invitano i partecipanti a mantenere un comportamento prudente per tutta la manifestazione, per se stessi, per gli Ufficiali della manifestazione sportiva e soprattutto verso terze persone, in particolare per gli spettatori.<a href=\"https:\/\/www.misilmeriracing.it\/wp-content\/uploads\/2015\/10\/logo-menzel-2015.jpg\"><br \/>\n<\/a><\/p>\n<p><a href=\"https:\/\/www.misilmeriracing.it\/wp-content\/uploads\/2015\/10\/logo.png\"><img decoding=\"async\" loading=\"lazy\" class=\"aligncenter size-large wp-image-6\" src=\"https:\/\/www.misilmeriracing.it\/wp-content\/uploads\/2015\/10\/logo-1024x292.png\" alt=\"Logo\" width=\"745\" height=\"212\" srcset=\"https:\/\/www.misilmeriracing.it\/wp-content\/uploads\/2015\/10\/logo-1024x292.png 1024w, https:\/\/www.misilmeriracing.it\/wp-content\/uploads\/2015\/10\/logo-300x85.png 300w\" sizes=\"(max-width: 745px) 100vw, 745px\" \/><\/a><\/p>\n<\/div>\n<\/div>\n","protected":false},"excerpt":{"rendered":"<p>REGOLAMENTO PARTICOLARE 3\u00b0 MENZEL EL EMIR CUP SABATO 07 NOVEMBRE 2015 Verifiche e Distribuzione Road Book :\u00a020:00 \u2013 23:30 Bar Abathia Bistrot \u2013 Corso IV Aprile DOMENICA 08 NOVEMBRE 2015 Verifiche e Distribuzione Road Book |\u00a07:30-8.30 Zona Partenza Briefing con Direttore evento\u00a0| 8:30 &#8211; Via A. Paternostro &#8211; Misilmeri Partenza\u00a0|\u00a0Via A. Paternostro (davanti Bar Seven ..<br \/><a href=\"https:\/\/www.misilmeriracing.it\/?page_id=26\" title=\"Read more\">Read more<\/a><\/p>\n","protected":false},"author":1,"featured_media":0,"parent":0,"menu_order":0,"comment_status":"closed","ping_status":"closed","template":"","meta":{"footnotes":""},"yoast_head":"<!-- This site is optimized with the Yoast SEO plugin v22.5 - https:\/\/yoast.com\/wordpress\/plugins\/seo\/ -->\n<title>Menzel El Emir - Regolamento - Misilmeri Racing<\/title>\n<meta name=\"robots\" content=\"index, follow, max-snippet:-1, max-image-preview:large, max-video-preview:-1\" \/>\n<link rel=\"canonical\" href=\"https:\/\/www.misilmeriracing.it\/?page_id=26\" \/>\n<meta property=\"og:locale\" content=\"it_IT\" \/>\n<meta property=\"og:type\" content=\"article\" \/>\n<meta property=\"og:title\" content=\"Menzel El Emir - Regolamento - Misilmeri Racing\" \/>\n<meta property=\"og:description\" content=\"REGOLAMENTO PARTICOLARE 3\u00b0 MENZEL EL EMIR CUP SABATO 07 NOVEMBRE 2015 Verifiche e Distribuzione Road Book :\u00a020:00 \u2013 23:30 Bar Abathia Bistrot \u2013 Corso IV Aprile DOMENICA 08 NOVEMBRE 2015 Verifiche e Distribuzione Road Book |\u00a07:30-8.30 Zona Partenza Briefing con Direttore evento\u00a0| 8:30 &#8211; Via A. Paternostro &#8211; Misilmeri Partenza\u00a0|\u00a0Via A. Paternostro (davanti Bar Seven ..Read more\" \/>\n<meta property=\"og:url\" content=\"https:\/\/www.misilmeriracing.it\/?page_id=26\" \/>\n<meta property=\"og:site_name\" content=\"Misilmeri Racing\" \/>\n<meta property=\"article:publisher\" content=\"https:\/\/www.facebook.com\/misilmeri.racing\" \/>\n<meta property=\"article:modified_time\" content=\"2015-10-29T06:58:28+00:00\" \/>\n<meta property=\"og:image\" content=\"https:\/\/www.misilmeriracing.it\/wp-content\/uploads\/2015\/10\/logo-menzel-2015-1024x420.jpg\" \/>\n<meta name=\"twitter:card\" content=\"summary_large_image\" \/>\n<meta name=\"twitter:label1\" content=\"Tempo di lettura stimato\" \/>\n\t<meta name=\"twitter:data1\" content=\"3 minuti\" \/>\n<script type=\"application\/ld+json\" class=\"yoast-schema-graph\">{\"@context\":\"https:\/\/schema.org\",\"@graph\":[{\"@type\":\"WebPage\",\"@id\":\"https:\/\/www.misilmeriracing.it\/?page_id=26\",\"url\":\"https:\/\/www.misilmeriracing.it\/?page_id=26\",\"name\":\"Menzel El Emir - Regolamento - Misilmeri Racing\",\"isPartOf\":{\"@id\":\"https:\/\/www.misilmeriracing.it\/#website\"},\"primaryImageOfPage\":{\"@id\":\"https:\/\/www.misilmeriracing.it\/?page_id=26#primaryimage\"},\"image\":{\"@id\":\"https:\/\/www.misilmeriracing.it\/?page_id=26#primaryimage\"},\"thumbnailUrl\":\"https:\/\/www.misilmeriracing.it\/wp-content\/uploads\/2015\/10\/logo-menzel-2015-1024x420.jpg\",\"datePublished\":\"2015-10-20T13:19:34+00:00\",\"dateModified\":\"2015-10-29T06:58:28+00:00\",\"breadcrumb\":{\"@id\":\"https:\/\/www.misilmeriracing.it\/?page_id=26#breadcrumb\"},\"inLanguage\":\"it-IT\",\"potentialAction\":[{\"@type\":\"ReadAction\",\"target\":[\"https:\/\/www.misilmeriracing.it\/?page_id=26\"]}]},{\"@type\":\"ImageObject\",\"inLanguage\":\"it-IT\",\"@id\":\"https:\/\/www.misilmeriracing.it\/?page_id=26#primaryimage\",\"url\":\"https:\/\/www.misilmeriracing.it\/wp-content\/uploads\/2015\/10\/logo-menzel-2015.jpg\",\"contentUrl\":\"https:\/\/www.misilmeriracing.it\/wp-content\/uploads\/2015\/10\/logo-menzel-2015.jpg\",\"width\":1603,\"height\":657},{\"@type\":\"BreadcrumbList\",\"@id\":\"https:\/\/www.misilmeriracing.it\/?page_id=26#breadcrumb\",\"itemListElement\":[{\"@type\":\"ListItem\",\"position\":1,\"name\":\"Home\",\"item\":\"https:\/\/www.misilmeriracing.it\/\"},{\"@type\":\"ListItem\",\"position\":2,\"name\":\"Menzel El Emir &#8211; Regolamento\"}]},{\"@type\":\"WebSite\",\"@id\":\"https:\/\/www.misilmeriracing.it\/#website\",\"url\":\"https:\/\/www.misilmeriracing.it\/\",\"name\":\"Misilmeri Racing\",\"description\":\"\",\"publisher\":{\"@id\":\"https:\/\/www.misilmeriracing.it\/#organization\"},\"potentialAction\":[{\"@type\":\"SearchAction\",\"target\":{\"@type\":\"EntryPoint\",\"urlTemplate\":\"https:\/\/www.misilmeriracing.it\/?s={search_term_string}\"},\"query-input\":\"required name=search_term_string\"}],\"inLanguage\":\"it-IT\"},{\"@type\":\"Organization\",\"@id\":\"https:\/\/www.misilmeriracing.it\/#organization\",\"name\":\"Misilmeri Racing\",\"url\":\"https:\/\/www.misilmeriracing.it\/\",\"logo\":{\"@type\":\"ImageObject\",\"inLanguage\":\"it-IT\",\"@id\":\"https:\/\/www.misilmeriracing.it\/#\/schema\/logo\/image\/\",\"url\":\"https:\/\/www.misilmeriracing.it\/wp-content\/uploads\/2015\/10\/logo.png\",\"contentUrl\":\"https:\/\/www.misilmeriracing.it\/wp-content\/uploads\/2015\/10\/logo.png\",\"width\":6268,\"height\":1786,\"caption\":\"Misilmeri Racing\"},\"image\":{\"@id\":\"https:\/\/www.misilmeriracing.it\/#\/schema\/logo\/image\/\"},\"sameAs\":[\"https:\/\/www.facebook.com\/misilmeri.racing\"]}]}<\/script>\n<!-- \/ Yoast SEO plugin. -->","yoast_head_json":{"title":"Menzel El Emir - Regolamento - Misilmeri Racing","robots":{"index":"index","follow":"follow","max-snippet":"max-snippet:-1","max-image-preview":"max-image-preview:large","max-video-preview":"max-video-preview:-1"},"canonical":"https:\/\/www.misilmeriracing.it\/?page_id=26","og_locale":"it_IT","og_type":"article","og_title":"Menzel El Emir - Regolamento - Misilmeri Racing","og_description":"REGOLAMENTO PARTICOLARE 3\u00b0 MENZEL EL EMIR CUP SABATO 07 NOVEMBRE 2015 Verifiche e Distribuzione Road Book :\u00a020:00 \u2013 23:30 Bar Abathia Bistrot \u2013 Corso IV Aprile DOMENICA 08 NOVEMBRE 2015 Verifiche e Distribuzione Road Book |\u00a07:30-8.30 Zona Partenza Briefing con Direttore evento\u00a0| 8:30 &#8211; Via A. Paternostro &#8211; Misilmeri Partenza\u00a0|\u00a0Via A. Paternostro (davanti Bar Seven ..Read more","og_url":"https:\/\/www.misilmeriracing.it\/?page_id=26","og_site_name":"Misilmeri Racing","article_publisher":"https:\/\/www.facebook.com\/misilmeri.racing","article_modified_time":"2015-10-29T06:58:28+00:00","og_image":[{"url":"https:\/\/www.misilmeriracing.it\/wp-content\/uploads\/2015\/10\/logo-menzel-2015-1024x420.jpg"}],"twitter_card":"summary_large_image","twitter_misc":{"Tempo di lettura stimato":"3 minuti"},"schema":{"@context":"https:\/\/schema.org","@graph":[{"@type":"WebPage","@id":"https:\/\/www.misilmeriracing.it\/?page_id=26","url":"https:\/\/www.misilmeriracing.it\/?page_id=26","name":"Menzel El Emir - Regolamento - Misilmeri Racing","isPartOf":{"@id":"https:\/\/www.misilmeriracing.it\/#website"},"primaryImageOfPage":{"@id":"https:\/\/www.misilmeriracing.it\/?page_id=26#primaryimage"},"image":{"@id":"https:\/\/www.misilmeriracing.it\/?page_id=26#primaryimage"},"thumbnailUrl":"https:\/\/www.misilmeriracing.it\/wp-content\/uploads\/2015\/10\/logo-menzel-2015-1024x420.jpg","datePublished":"2015-10-20T13:19:34+00:00","dateModified":"2015-10-29T06:58:28+00:00","breadcrumb":{"@id":"https:\/\/www.misilmeriracing.it\/?page_id=26#breadcrumb"},"inLanguage":"it-IT","potentialAction":[{"@type":"ReadAction","target":["https:\/\/www.misilmeriracing.it\/?page_id=26"]}]},{"@type":"ImageObject","inLanguage":"it-IT","@id":"https:\/\/www.misilmeriracing.it\/?page_id=26#primaryimage","url":"https:\/\/www.misilmeriracing.it\/wp-content\/uploads\/2015\/10\/logo-menzel-2015.jpg","contentUrl":"https:\/\/www.misilmeriracing.it\/wp-content\/uploads\/2015\/10\/logo-menzel-2015.jpg","width":1603,"height":657},{"@type":"BreadcrumbList","@id":"https:\/\/www.misilmeriracing.it\/?page_id=26#breadcrumb","itemListElement":[{"@type":"ListItem","position":1,"name":"Home","item":"https:\/\/www.misilmeriracing.it\/"},{"@type":"ListItem","position":2,"name":"Menzel El Emir &#8211; Regolamento"}]},{"@type":"WebSite","@id":"https:\/\/www.misilmeriracing.it\/#website","url":"https:\/\/www.misilmeriracing.it\/","name":"Misilmeri Racing","description":"","publisher":{"@id":"https:\/\/www.misilmeriracing.it\/#organization"},"potentialAction":[{"@type":"SearchAction","target":{"@type":"EntryPoint","urlTemplate":"https:\/\/www.misilmeriracing.it\/?s={search_term_string}"},"query-input":"required name=search_term_string"}],"inLanguage":"it-IT"},{"@type":"Organization","@id":"https:\/\/www.misilmeriracing.it\/#organization","name":"Misilmeri Racing","url":"https:\/\/www.misilmeriracing.it\/","logo":{"@type":"ImageObject","inLanguage":"it-IT","@id":"https:\/\/www.misilmeriracing.it\/#\/schema\/logo\/image\/","url":"https:\/\/www.misilmeriracing.it\/wp-content\/uploads\/2015\/10\/logo.png","contentUrl":"https:\/\/www.misilmeriracing.it\/wp-content\/uploads\/2015\/10\/logo.png","width":6268,"height":1786,"caption":"Misilmeri Racing"},"image":{"@id":"https:\/\/www.misilmeriracing.it\/#\/schema\/logo\/image\/"},"sameAs":["https:\/\/www.facebook.com\/misilmeri.racing"]}]}},"_links":{"self":[{"href":"https:\/\/www.misilmeriracing.it\/index.php?rest_route=\/wp\/v2\/pages\/26"}],"collection":[{"href":"https:\/\/www.misilmeriracing.it\/index.php?rest_route=\/wp\/v2\/pages"}],"about":[{"href":"https:\/\/www.misilmeriracing.it\/index.php?rest_route=\/wp\/v2\/types\/page"}],"author":[{"embeddable":true,"href":"https:\/\/www.misilmeriracing.it\/index.php?rest_route=\/wp\/v2\/users\/1"}],"replies":[{"embeddable":true,"href":"https:\/\/www.misilmeriracing.it\/index.php?rest_route=%2Fwp%2Fv2%2Fcomments&post=26"}],"version-history":[{"count":9,"href":"https:\/\/www.misilmeriracing.it\/index.php?rest_route=\/wp\/v2\/pages\/26\/revisions"}],"predecessor-version":[{"id":163,"href":"https:\/\/www.misilmeriracing.it\/index.php?rest_route=\/wp\/v2\/pages\/26\/revisions\/163"}],"wp:attachment":[{"href":"https:\/\/www.misilmeriracing.it\/index.php?rest_route=%2Fwp%2Fv2%2Fmedia&parent=26"}],"curies":[{"name":"wp","href":"https:\/\/api.w.org\/{rel}","templated":true}]}}